{"id":2620,"date":"2025-12-16T09:58:13","date_gmt":"2025-12-16T09:58:13","guid":{"rendered":"https:\/\/www.chromacon.com\/?page_id=2620"},"modified":"2026-03-27T16:45:11","modified_gmt":"2026-03-27T15:45:11","slug":"imprint","status":"publish","type":"page","link":"https:\/\/www.chromacon.com\/en\/imprint\/","title":{"rendered":"Imprint"},"content":{"rendered":"\n<h1 class=\"wp-block-heading\">Imprint<\/h1>\n\n\n\n<p>Last updated December 16th, 2025&nbsp;&nbsp;&nbsp;&nbsp;&nbsp;&nbsp;&nbsp;&nbsp;&nbsp;&nbsp;&nbsp;&nbsp;&nbsp;&nbsp;&nbsp;&nbsp;&nbsp;&nbsp;&nbsp;&nbsp;&nbsp;&nbsp;&nbsp;&nbsp;&nbsp;&nbsp;&nbsp;&nbsp;&nbsp;&nbsp;&nbsp;&nbsp;&nbsp;&nbsp;&nbsp;&nbsp;&nbsp;&nbsp;&nbsp;&nbsp;&nbsp;&nbsp;&nbsp;&nbsp;&nbsp;&nbsp;&nbsp;&nbsp;&nbsp;&nbsp;&nbsp;&nbsp;&nbsp;&nbsp;&nbsp;&nbsp;&nbsp;&nbsp;&nbsp;&nbsp;&nbsp;&nbsp;&nbsp;&nbsp;&nbsp;&nbsp;&nbsp;&nbsp;&nbsp;&nbsp;&nbsp;&nbsp;&nbsp;&nbsp;&nbsp;&nbsp;&nbsp;&nbsp;&nbsp;&nbsp;&nbsp;&nbsp;&nbsp;&nbsp;&nbsp;&nbsp;&nbsp;&nbsp;&nbsp;&nbsp;&nbsp;&nbsp;&nbsp;&nbsp;&nbsp;&nbsp;&nbsp;&nbsp;&nbsp;&nbsp;&nbsp;&nbsp;&nbsp;&nbsp;&nbsp;&nbsp;&nbsp;&nbsp;&nbsp;&nbsp;&nbsp;&nbsp;&nbsp;&nbsp;&nbsp;<br><br><strong><em>Director R&amp;D: Dr. Thomas M\u00fcller-Sp\u00e4th<\/em><\/strong><br>ChromaCon AG<br>Technoparkstrasse 1<br>8005 Z\u00fcrich<br>Switzerland<br><br>Tel: +41 (0)44 445 2013<br><a href=\"http:\/\/www.chromacon.com\/\">info@chromacon.com<br>www.chromacon.com<\/a>&nbsp;<\/p>\n\n\n\n<p>Company registered at the Handelsregisteramt of the Canton of Z\u00fcrich, Switzerland: CHE-113.328.657<br>VAT-No.: CHE-113.328.657 MWST<br><br><strong><em>EU Representation in frame of GDPR:<\/em><\/strong><br>VGS Datenschutzpartner UG<br>Am Kaiserkai 69<br>20457 Hamburg<br>Germany<br><a href=\"https:\/\/datenschutzpartner.eu\/\">info@datenschutzpartner.eu<br>https:\/\/datenschutzpartner.eu\/<\/a><br><br>Disclaimer:<br>Please refer to legal notices&nbsp;<a href=\"https:\/\/chromacon.com\/legal-notices\">here<\/a>.<\/p>\n\n\n\n      <div id=\"block_9fcd03f61f8b0c6a365486d057d3c5fc\" class=\"block-spacer typo-off  alignfull  \" >\n  \n  \n<style>#block_9fcd03f61f8b0c6a365486d057d3c5fc { height: 40px;  } @media (min-width: 768px) { #block_9fcd03f61f8b0c6a365486d057d3c5fc { height: 60px;  } }@media (min-width: 992px) { #block_9fcd03f61f8b0c6a365486d057d3c5fc { height: 80px;  } }@media (min-width: 1200px) { #block_9fcd03f61f8b0c6a365486d057d3c5fc { height: 90px;  } }@media (min-width: 1500px) { #block_9fcd03f61f8b0c6a365486d057d3c5fc { height: 100px;  } }<\/style><\/div>","protected":false},"excerpt":{"rendered":"<p>Imprint Last updated December 16th, 2025&nbsp;&nbsp;&nbsp;&nbsp;&nbsp;&nbsp;&nbsp;&nbsp;&nbsp;&nbsp;&nbsp;&nbsp;&nbsp;&nbsp;&nbsp;&nbsp;&nbsp;&nbsp;&nbsp;&nbsp;&nbsp;&nbsp;&nbsp;&nbsp;&nbsp;&nbsp;&nbsp;&nbsp;&nbsp;&nbsp;&nbsp;&nbsp;&nbsp;&nbsp;&nbsp;&nbsp;&nbsp;&nbsp;&nbsp;&nbsp;&nbsp;&nbsp;&nbsp;&nbsp;&nbsp;&nbsp;&nbsp;&nbsp;&nbsp;&nbsp;&nbsp;&nbsp;&nbsp;&nbsp;&nbsp;&nbsp;&nbsp;&nbsp;&nbsp;&nbsp;&nbsp;&nbsp;&nbsp;&nbsp;&nbsp;&nbsp;&nbsp;&nbsp;&nbsp;&nbsp;&nbsp;&nbsp;&nbsp;&nbsp;&nbsp;&nbsp;&nbsp;&nbsp;&nbsp;&nbsp;&nbsp;&nbsp;&nbsp;&nbsp;&nbsp;&nbsp;&nbsp;&nbsp;&nbsp;&nbsp;&nbsp;&nbsp;&nbsp;&nbsp;&nbsp;&nbsp;&nbsp;&nbsp;&nbsp;&nbsp;&nbsp;&nbsp;&nbsp;&nbsp;&nbsp;&nbsp;&nbsp;&nbsp;&nbsp;&nbsp;&nbsp;&nbsp;&nbsp;&nbsp;&nbsp; Director R&amp;D: Dr. Thomas M\u00fcller-Sp\u00e4thChromaCon AGTechnoparkstrasse 18005 Z\u00fcrichSwitzerland Tel: +41 (0)44 445 2013info@chromacon.comwww.chromacon.com&nbsp; Company registered at the Handelsregisteramt of the Canton of Z\u00fcrich, Switzerland: CHE-113.328.657VAT-No.: CHE-113.328.657 MWST EU Representation in frame of GDPR:VGS Datenschutzpartner UGAm Kaiserkai 6920457 HamburgGermanyinfo@datenschutzpartner.euhttps:\/\/datenschutzpartner.eu\/ Disclaimer:Please refer to legal notices&nbsp;here.<\/p>\n","protected":false},"author":1,"featured_media":0,"parent":0,"menu_order":0,"comment_status":"closed","ping_status":"open","template":"","meta":{"_acf_changed":false,"_seopress_robots_primary_cat":"","_seopress_titles_title":"","_seopress_titles_desc":"","_seopress_robots_index":"","_seopress_analysis_target_kw":"","footnotes":""},"class_list":["post-2620","page","type-page","status-publish",""],"acf":[],"_links":{"self":[{"href":"https:\/\/www.chromacon.com\/en\/wp-json\/wp\/v2\/pages\/2620","targetHints":{"allow":["GET"]}}],"collection":[{"href":"https:\/\/www.chromacon.com\/en\/wp-json\/wp\/v2\/pages"}],"about":[{"href":"https:\/\/www.chromacon.com\/en\/wp-json\/wp\/v2\/types\/page"}],"author":[{"embeddable":true,"href":"https:\/\/www.chromacon.com\/en\/wp-json\/wp\/v2\/users\/1"}],"replies":[{"embeddable":true,"href":"https:\/\/www.chromacon.com\/en\/wp-json\/wp\/v2\/comments?post=2620"}],"version-history":[{"count":3,"href":"https:\/\/www.chromacon.com\/en\/wp-json\/wp\/v2\/pages\/2620\/revisions"}],"predecessor-version":[{"id":5423,"href":"https:\/\/www.chromacon.com\/en\/wp-json\/wp\/v2\/pages\/2620\/revisions\/5423"}],"wp:attachment":[{"href":"https:\/\/www.chromacon.com\/en\/wp-json\/wp\/v2\/media?parent=2620"}],"curies":[{"name":"wp","href":"https:\/\/api.w.org\/{rel}","templated":true}]}}