{"id":8733,"date":"2026-05-13T08:56:47","date_gmt":"2026-05-13T06:56:47","guid":{"rendered":"https:\/\/www.chromacon.com\/?page_id=8733"},"modified":"2026-05-13T08:59:39","modified_gmt":"2026-05-13T06:59:39","slug":"offenlegung-zur-ki-bildnutzung-2","status":"publish","type":"page","link":"https:\/\/www.chromacon.com\/de\/offenlegung-zur-ki-bildnutzung-2\/","title":{"rendered":"Allgemeine Gesch\u00e4ftsbedingungen"},"content":{"rendered":"\n<h1 class=\"wp-block-heading has-text-align-center\">Allgemeine Gesch\u00e4ftsbedingungen<\/h1>\n\n<h2 class=\"wp-block-heading\">Allgemeine Gesch\u00e4ftsbedingungen<\/h2>\n\n<p><a href=\"https:\/\/www.chromacon.com\/wp-content\/uploads\/2026\/05\/2025-03-31_ChromIQ_EULA_final.pdf\">Endbenutzer-Lizenzvertrag (EULA)<\/a> (PDF-Download)<\/p>\n\n<p><a href=\"https:\/\/www.chromacon.com\/wp-content\/uploads\/2026\/05\/ChromaCon-AG_General-Terms-and-Conditions-for-Purchased-Systems_2024-02-11.pdf\">Allgemeine Gesch\u00e4ftsbedingungen \u2013 Gekaufte Systeme<\/a> (PDF-Download)<\/p>\n\n<p><a href=\"https:\/\/www.chromacon.com\/wp-content\/uploads\/2026\/05\/250129_General-Terms-and-Condition-for-Maintenance-and-Repair-Services_v3.0.pdf\">Allgemeine Gesch\u00e4ftsbedingungen f\u00fcr Wartungs- und Reparaturdienstleistungen<\/a> (PDF-Download)<\/p>\n\n<p>ChromaCon AG<br\/>Technoparkstrasse 1<br\/>8005 Z\u00fcrich<br\/>Schweiz<br\/><a href=\"mailto:info@chromacon.com\">info@chromacon.com<\/a><\/p>\n\n      <div id=\"block_3b4bda611a7eaf677b3acbdb04d513d5\" class=\"block-spacer typo-off  alignfull  \" >\n  \n  \n<style>#block_3b4bda611a7eaf677b3acbdb04d513d5 { height: 40px;  } @media (min-width: 768px) { #block_3b4bda611a7eaf677b3acbdb04d513d5 { height: 60px;  } }@media (min-width: 992px) { #block_3b4bda611a7eaf677b3acbdb04d513d5 { height: 80px;  } }@media (min-width: 1200px) { #block_3b4bda611a7eaf677b3acbdb04d513d5 { height: 90px;  } }@media (min-width: 1500px) { #block_3b4bda611a7eaf677b3acbdb04d513d5 { height: 100px;  } }<\/style><\/div>","protected":false},"excerpt":{"rendered":"<p>Allgemeine Gesch\u00e4ftsbedingungen Allgemeine Gesch\u00e4ftsbedingungen Endbenutzer-Lizenzvertrag (EULA) (PDF-Download) Allgemeine Gesch\u00e4ftsbedingungen \u2013 Gekaufte Systeme (PDF-Download) Allgemeine Gesch\u00e4ftsbedingungen f\u00fcr Wartungs- und Reparaturdienstleistungen (PDF-Download) ChromaCon AGTechnoparkstrasse 18005 Z\u00fcrichSchweizinfo@chromacon.com<\/p>\n","protected":false},"author":1,"featured_media":0,"parent":0,"menu_order":0,"comment_status":"closed","ping_status":"closed","template":"","meta":{"_acf_changed":false,"_seopress_robots_primary_cat":"","_seopress_titles_title":"","_seopress_titles_desc":"","_seopress_robots_index":"","_seopress_analysis_target_kw":"","footnotes":""},"class_list":["post-8733","page","type-page","status-publish",""],"acf":[],"_links":{"self":[{"href":"https:\/\/www.chromacon.com\/de\/wp-json\/wp\/v2\/pages\/8733","targetHints":{"allow":["GET"]}}],"collection":[{"href":"https:\/\/www.chromacon.com\/de\/wp-json\/wp\/v2\/pages"}],"about":[{"href":"https:\/\/www.chromacon.com\/de\/wp-json\/wp\/v2\/types\/page"}],"author":[{"embeddable":true,"href":"https:\/\/www.chromacon.com\/de\/wp-json\/wp\/v2\/users\/1"}],"replies":[{"embeddable":true,"href":"https:\/\/www.chromacon.com\/de\/wp-json\/wp\/v2\/comments?post=8733"}],"version-history":[{"count":3,"href":"https:\/\/www.chromacon.com\/de\/wp-json\/wp\/v2\/pages\/8733\/revisions"}],"predecessor-version":[{"id":8741,"href":"https:\/\/www.chromacon.com\/de\/wp-json\/wp\/v2\/pages\/8733\/revisions\/8741"}],"wp:attachment":[{"href":"https:\/\/www.chromacon.com\/de\/wp-json\/wp\/v2\/media?parent=8733"}],"curies":[{"name":"wp","href":"https:\/\/api.w.org\/{rel}","templated":true}]}}