{"id":8136,"date":"2026-05-05T22:19:38","date_gmt":"2026-05-05T20:19:38","guid":{"rendered":"https:\/\/www.chromacon.com\/offenlegung-zur-ki-bildnutzung\/"},"modified":"2026-05-06T13:06:30","modified_gmt":"2026-05-06T11:06:30","slug":"offenlegung-zur-ki-bildnutzung","status":"publish","type":"page","link":"https:\/\/www.chromacon.com\/de\/offenlegung-zur-ki-bildnutzung\/","title":{"rendered":"Offenlegung zur \u201eKI-Bildnutzung\u201c"},"content":{"rendered":"\n<h1 class=\"wp-block-heading has-text-align-center\">Verwendung von KI-Bildern<\/h1>\n\n<h2 class=\"wp-block-heading\">\u00dcber die Bilder auf dieser Website<\/h2>\n\n<p>Einige Bilder auf dieser Website wurden zu Illustrationszwecken mithilfe k\u00fcnstlicher Intelligenz (Google Gemini) erstellt oder zusammengesetzt. Wenn KI-generierte Bilder verwendet werden, sind unsere Produkte korrekt dargestellt, aber die umgebenden Umgebungen und alle gezeigten Personen sind illustrativ und keine Fotografien von realen Installationen, Kunden oder Mitarbeitern. Jedes KI-generierte oder KI-zusammengesetzte Bild wird vor der Ver\u00f6ffentlichung von einem Mitglied unseres Teams \u00fcberpr\u00fcft und ist mit einem sichtbaren Hinweis auf der Seite gekennzeichnet, auf der es erscheint. Von Google Gemini generierte Bilder tragen au\u00dferdem ein unsichtbares SynthID-Wasserzeichen, das von Google eingebettet wurde.   <\/p>\n\n      <div id=\"block_b3c70ee688a21e59710db59aebf87764\" class=\"block-spacer typo-off  alignfull  \" >\n  \n  \n<style>#block_b3c70ee688a21e59710db59aebf87764 { height: 40px;  } @media (min-width: 768px) { #block_b3c70ee688a21e59710db59aebf87764 { height: 60px;  } }@media (min-width: 992px) { #block_b3c70ee688a21e59710db59aebf87764 { height: 80px;  } }@media (min-width: 1200px) { #block_b3c70ee688a21e59710db59aebf87764 { height: 90px;  } }@media (min-width: 1500px) { #block_b3c70ee688a21e59710db59aebf87764 { height: 100px;  } }<\/style><\/div>","protected":false},"excerpt":{"rendered":"<p>Verwendung von KI-Bildern \u00dcber die Bilder auf dieser Website Einige Bilder auf dieser Website wurden zu Illustrationszwecken mithilfe k\u00fcnstlicher Intelligenz (Google Gemini) erstellt oder zusammengesetzt. Wenn KI-generierte Bilder verwendet werden, sind unsere Produkte korrekt dargestellt, aber die umgebenden Umgebungen und alle gezeigten Personen sind illustrativ und keine Fotografien von realen Installationen, Kunden oder Mitarbeitern. Jedes [&hellip;]<\/p>\n","protected":false},"author":1,"featured_media":0,"parent":0,"menu_order":0,"comment_status":"closed","ping_status":"closed","template":"","meta":{"_acf_changed":false,"_seopress_robots_primary_cat":"","_seopress_titles_title":"","_seopress_titles_desc":"","_seopress_robots_index":"","_seopress_analysis_target_kw":"","footnotes":""},"class_list":["post-8136","page","type-page","status-publish",""],"acf":[],"_links":{"self":[{"href":"https:\/\/www.chromacon.com\/de\/wp-json\/wp\/v2\/pages\/8136","targetHints":{"allow":["GET"]}}],"collection":[{"href":"https:\/\/www.chromacon.com\/de\/wp-json\/wp\/v2\/pages"}],"about":[{"href":"https:\/\/www.chromacon.com\/de\/wp-json\/wp\/v2\/types\/page"}],"author":[{"embeddable":true,"href":"https:\/\/www.chromacon.com\/de\/wp-json\/wp\/v2\/users\/1"}],"replies":[{"embeddable":true,"href":"https:\/\/www.chromacon.com\/de\/wp-json\/wp\/v2\/comments?post=8136"}],"version-history":[{"count":5,"href":"https:\/\/www.chromacon.com\/de\/wp-json\/wp\/v2\/pages\/8136\/revisions"}],"predecessor-version":[{"id":8142,"href":"https:\/\/www.chromacon.com\/de\/wp-json\/wp\/v2\/pages\/8136\/revisions\/8142"}],"wp:attachment":[{"href":"https:\/\/www.chromacon.com\/de\/wp-json\/wp\/v2\/media?parent=8136"}],"curies":[{"name":"wp","href":"https:\/\/api.w.org\/{rel}","templated":true}]}}