{"id":7738,"date":"2025-11-25T10:27:11","date_gmt":"2025-11-25T09:27:11","guid":{"rendered":"https:\/\/www.chromacon.com\/fachartikel\/"},"modified":"2026-04-30T14:30:31","modified_gmt":"2026-04-30T12:30:31","slug":"fachartikel","status":"publish","type":"page","link":"https:\/\/www.chromacon.com\/de\/fachartikel\/","title":{"rendered":"Fachartikel"},"content":{"rendered":"<section id=\"block_ac6750f11249cf2e2e06c187e5d29dec\" class=\"block-news-archive py-fluid-2xl md:pt-fluid-6xl md:pb-fluid-8xl alignfull  \"><div class=\"l-wrap\">    \n    <div class=\"news-archive-wrapper\" data-posts-per-page=\"20\" data-post-type=\"articles\">\n                            <div class=\"news-archive-header max-w-[860px] mb-fluid-4xl\">\n                                    <h2 class=\"text-display-m leading-display-m text-primary-800 pb-fluid-m [&#038;_strong]:text-secondary-700 [&#038;_strong]:font-medium typo-off\">\n                        Fachartikel\n                    <\/h2>\n                                                    <p class=\"!m-0\">\n                        Tauchen Sie ein in Ressourcen, Leitf\u00e4den und Einblicke zu Aufreinigungstechnologien und Brancheninnovationen.                    <\/p>\n                            <\/div>\n                \n                <nav class=\"news-archive-categories mb-fluid-2xl\" role=\"navigation\" aria-label=\"Category navigation\">\n            <ul class=\"flex gap-4 md:gap-[75px] overflow-x-auto whitespace-nowrap\">\n                                    <li>\n                        <a \n                            href=\"https:\/\/www.chromacon.com\/de\/fachartikel\/\" \n                            class=\"block pb-4 text-18 md:text-20 text-gray-600 hover:text-gray-900 transition-colors relative text-gray-900 font-medium\"\n                            data-category-slug=\"\"\n                        >\n                            Alle                                                            <span class=\"absolute bottom-0 left-0 right-0 h-0.5 bg-primary-800\"><\/span>\n                                                    <\/a>\n                    <\/li>\n                                    <li>\n                        <a \n                            href=\"https:\/\/www.chromacon.com\/de\/fachartikel\/?category=fundamentals-of-preparative-chromatography\" \n                            class=\"block pb-4 text-18 md:text-20 text-gray-600 hover:text-gray-900 transition-colors relative \"\n                            data-category-slug=\"fundamentals-of-preparative-chromatography\"\n                        >\n                            Fundamentals of Preparative Chromatography                                                    <\/a>\n                    <\/li>\n                                    <li>\n                        <a \n                            href=\"https:\/\/www.chromacon.com\/de\/fachartikel\/?category=troubleshooting-best-practices\" \n                            class=\"block pb-4 text-18 md:text-20 text-gray-600 hover:text-gray-900 transition-colors relative \"\n                            data-category-slug=\"troubleshooting-best-practices\"\n                        >\n                            Troubleshooting &amp; Best Practices                                                    <\/a>\n                    <\/li>\n                            <\/ul>\n        <\/nav>\n        \n                            <div class=\"news-archive-grid grid grid-cols-1 md:grid-cols-2 lg:grid-cols-3 gap-x-fluid-s-plus gap-y-fluid-4xl-plus\">\n                                    <article class=\"news-card overflow-hidden\">\n            \n                            <a href=\"https:\/\/www.chromacon.com\/de\/artikel\/teil-i-was-ist-chromatographie-die-universelle-einfuehrung-fuer-neue-wissenschaftler\/\" class=\"block relative w-full aspect-[4\/3] overflow-hidden mb-fluid-s-plus\">\n                <img decoding=\"async\"\n                    src=\"https:\/\/www.chromacon.com\/wp-content\/uploads\/2025\/11\/Part1_Featured-Image-1-768x600.jpg\"\n                    alt=\"Teil I \u2013 Was ist Chromatographie? Die universelle Einf\u00fchrung f\u00fcr neue Wissenschaftler\"\n                    class=\"w-full h-full object-cover !m-0\"\n                    loading=\"lazy\" \/>\n            <\/a>\n        \n                <div class=\"flex gap-3 items-center mb-fluid-xs\">\n                            <span class=\"px-fluid-3xs py-2.5 bg-[#EEF5FE] text-secondary-700 text-s rounded-full\">\n                    Fundamentals of Preparative Chromatography                <\/span>\n                        <span class=\"text-secondary-700 text-s border border-gray-50 rounded-full px-fluid-3xs py-2.5\">\n                25 Nov. 2025            <\/span>\n        <\/div>\n\n                <div class=\"\">\n                            <h3 class=\"heading-h4 !m-0 pb-fluid-xs typo-off\">\n                    <a href=\"https:\/\/www.chromacon.com\/de\/artikel\/teil-i-was-ist-chromatographie-die-universelle-einfuehrung-fuer-neue-wissenschaftler\/\" class=\"!no-underline\">\n                        Teil I \u2013 Was ist Chromatographie? Die universelle Einf\u00fchrung f\u00fcr neue Wissenschaftler                    <\/a>\n                <\/h3>\n            \n                            <p class=\"!mb-0\">\n                    Eine praxisorientierte Einf\u00fchrung in die Chromatographie: was sie ist, wie sie funktioniert und warum sie wichtig ist. Erfahren Sie mehr \u00fcber die wichtigsten Trennmechanismen, einschlie\u00dflich Umkehrphasen-, Ionenaustausch-, Gr\u00f6\u00dfenausschluss- und Affinit\u00e4tschromatographie, sowie \u00fcber das Lesen von Chromatogrammen und den Unterschied zwischen analytischen und pr\u00e4parativen Methoden.                 <\/p>\n                    <\/div>\n\n    <\/article>\n                            <\/div>\n            \n                                        \n            <\/div>\n    \n    <\/div><\/section><section id=\"block_5d546932b843b930275d92a8f725d89d\" class=\"block-call-to-action py-fluid-6xl bg-secondary-700 alignfull  \" style=\"--block-bg-image: url(https:\/\/www.chromacon.com\/wp-content\/themes\/chromacon\/assets\/img\/layout\/block-background-poly.svg);\"><div class=\"l-wrap\">\n    <div class=\"flex flex-col gap-6 items-center text-center\">\n                    <p class=\"heading-display-m mx-auto !text-white !my-0 max-w-[1015px]\">\n                Haben Sie eine spezifische Aufreinigungsherausforderung?            <\/p>\n        \n                    <div class=\"block-call-to-action__buttons mt-fluid-m flex flex-row flex-wrap justify-center items-center gap-[30px]\">\n                <span class=\"c-btn-focus-wrapper\"><a href=\"#contact-form\" class=\"c-btn c-btn--regular c-btn--primary c-btn--light\" style=\"--bg-color: var(--color-primary-800); --border-color: var(--color-primary-800); --bg-hover-color: var(--color-primary-700); --border-hover-color: var(--color-primary-700);\"><span>Sprechen Sie mit einem Experten<\/span><\/a><\/span>                <span class=\"c-btn-focus-wrapper\"><a href=\"https:\/\/www.chromacon.com\/de\/ressourcenbibliothek\/\" class=\"c-btn c-btn--regular c-btn--secondary c-btn--dark\"><span>Durchsuchen Sie die Ressourcenbibliothek<\/span><\/a><\/span>            <\/div>\n        \n            <\/div>\n\n    <\/div><\/section>","protected":false},"excerpt":{"rendered":"","protected":false},"author":1,"featured_media":0,"parent":0,"menu_order":0,"comment_status":"closed","ping_status":"closed","template":"","meta":{"_acf_changed":false,"_seopress_robots_primary_cat":"","_seopress_titles_title":"Chromatographie-Fachartikel & Einblicke | YMC ChromaCon","_seopress_titles_desc":"Technische Fachartikel, Einblicke und Kommentare zu kontinuierlicher Chromatographie, Prozessintensivierung und Downstream-Bioprozessierung von YMC ChromaCon.","_seopress_robots_index":"","_seopress_analysis_target_kw":"","footnotes":""},"class_list":["post-7738","page","type-page","status-publish",""],"acf":[],"_links":{"self":[{"href":"https:\/\/www.chromacon.com\/de\/wp-json\/wp\/v2\/pages\/7738","targetHints":{"allow":["GET"]}}],"collection":[{"href":"https:\/\/www.chromacon.com\/de\/wp-json\/wp\/v2\/pages"}],"about":[{"href":"https:\/\/www.chromacon.com\/de\/wp-json\/wp\/v2\/types\/page"}],"author":[{"embeddable":true,"href":"https:\/\/www.chromacon.com\/de\/wp-json\/wp\/v2\/users\/1"}],"replies":[{"embeddable":true,"href":"https:\/\/www.chromacon.com\/de\/wp-json\/wp\/v2\/comments?post=7738"}],"version-history":[{"count":1,"href":"https:\/\/www.chromacon.com\/de\/wp-json\/wp\/v2\/pages\/7738\/revisions"}],"predecessor-version":[{"id":7739,"href":"https:\/\/www.chromacon.com\/de\/wp-json\/wp\/v2\/pages\/7738\/revisions\/7739"}],"wp:attachment":[{"href":"https:\/\/www.chromacon.com\/de\/wp-json\/wp\/v2\/media?parent=7738"}],"curies":[{"name":"wp","href":"https:\/\/api.w.org\/{rel}","templated":true}]}}