{"id":7728,"date":"2025-11-25T16:00:15","date_gmt":"2025-11-25T15:00:15","guid":{"rendered":"https:\/\/www.chromacon.com\/kontakt\/"},"modified":"2026-04-30T14:30:12","modified_gmt":"2026-04-30T12:30:12","slug":"kontakt","status":"publish","type":"page","link":"https:\/\/www.chromacon.com\/de\/kontakt\/","title":{"rendered":"Kontakt"},"content":{"rendered":"<section id=\"block_30973c8ddf27a0e12aef0a1648d08d27\" class=\"block-hero alignfull  \">\n    <div class=\"block-hero__background\">\n        <div class=\"block-hero__wrapper wrapper-bl-l\">\n            <div class=\"block-hero__content\">\n                <div class=\"block-hero__text\">\n                    <div class=\"block-hero__heading\">\n                                                    <p class=\"block-hero__eyebrow uppercase border border-primary-800\/30 text-primary-800 rounded-full px-4 py-2 text-16\">\n                                KONTAKT                            <\/p>\n                        \n                                                    <h1 class=\"text-display-m leading-display-m text-primary-800 [&#038;_strong]:text-secondary-700 [&#038;_strong]:font-medium typo-off\">\n                                Sprechen Sie mit einem Spezialisten f\u00fcr kontinuierliche Chromatographie\n                            <\/h1>\n                        \n                                                    <div class=\"block-hero__description\">\n                                <p>Angebote, Demos, Machbarkeitsstudien und Anwendungsgespr\u00e4che. Ob Sie ein Angebot, eine Demo, eine Machbarkeitsstudie oder ein Gespr\u00e4ch \u00fcber Ihre Aufreinigungsherausforderung ben\u00f6tigen \u2013 wir leiten jede Anfrage innerhalb eines Werktages an den richtigen Spezialisten weiter. <\/p>\n                            <\/div>\n                                            <\/div>\n\n                                            <div class=\"block-hero__buttons flex flex-row flex-wrap items-start gap-[30px]\">\n                                                            <div class=\"block-hero__button\">\n                                    <span class=\"c-btn-focus-wrapper\"><a href=\"#contact-form\" class=\"c-btn c-btn--regular c-btn--primary c-btn--light\"><span>Nachricht senden<\/span><\/a><\/span>                                <\/div>\n                                                                                        <div class=\"block-hero__button block-hero__button--secondary\">\n                                    <span class=\"c-btn-focus-wrapper\"><a href=\"https:\/\/www.chromacon.com\/de\/vertriebspartner\/\" class=\"c-btn c-btn--regular c-btn--secondary c-btn--light\"><span>Finden Sie Ihren lokalen Vertriebspartner<\/span><\/a><\/span>                                <\/div>\n                                                    <\/div>\n                                    <\/div>\n            <\/div>\n\n            <div class=\"block-hero__image-section block-hero__image-section--no-overlay\">\n                <div class=\"block-hero__image-container typo-off\">\n                                            <div class=\"block-hero__image\">\n                            <img fetchpriority=\"high\" decoding=\"async\" width=\"1145\" height=\"1060\" src=\"https:\/\/www.chromacon.com\/wp-content\/uploads\/2025\/12\/contact-hero.jpg\" class=\"block-hero__image-img\" alt=\"\" loading=\"eager\" srcset=\"https:\/\/www.chromacon.com\/wp-content\/uploads\/2025\/12\/contact-hero.jpg 1145w, https:\/\/www.chromacon.com\/wp-content\/uploads\/2025\/12\/contact-hero-300x278.jpg 300w, https:\/\/www.chromacon.com\/wp-content\/uploads\/2025\/12\/contact-hero-1024x948.jpg 1024w, https:\/\/www.chromacon.com\/wp-content\/uploads\/2025\/12\/contact-hero-768x711.jpg 768w\" sizes=\"(max-width: 1145px) 100vw, 1145px\" \/>                        <\/div>\n\n                        \n                                                    <div class=\"block-hero__mobile-buttons flex flex-col items-stretch md:items-start gap-[30px]\">\n                                                                    <div class=\"block-hero__mobile-button\">\n                                        <span class=\"c-btn-focus-wrapper\"><a href=\"#contact-form\" class=\"c-btn c-btn--regular c-btn--primary c-btn--light w-full md:w-auto\"><span>Nachricht senden<\/span><\/a><\/span>                                    <\/div>\n                                                                                                    <div class=\"block-hero__mobile-button block-hero__mobile-button--secondary\">\n                                        <span class=\"c-btn-focus-wrapper\"><a href=\"https:\/\/www.chromacon.com\/de\/vertriebspartner\/\" class=\"c-btn c-btn--regular c-btn--secondary c-btn--light w-full md:w-auto\"><span>Finden Sie Ihren lokalen Vertriebspartner<\/span><\/a><\/span>                                    <\/div>\n                                                            <\/div>\n                                                            <\/div>\n            <\/div>\n        <\/div>\n    <\/div>\n    <\/section><section id=\"block_86f119a6571cac9ea3bf7fca0fe8d27c\" class=\"block-contact-information mt-fluid-m md:mt-fluid-7xl mb-fluid-l md:mb-fluid-m alignfull  \"><div class=\"l-wrap\">\n            <div class=\"grid grid-cols-1 md:grid-cols-2 lg:grid-cols-3 md:gap-fluid-m divide-y md:divide-y-0 divide-primary-800\/10\">\n                                                                <a href=\"mailto:sales@chromacon.com\" class=\"bg-white p-6 py-fluid-m px-fluid-s-plus flex gap-6 md:gap-0 md:block !no-underline\" data-email=\"sales@chromacon.com\">\n                                                                        <div class=\"md:mb-fluid-s-plus typo-off flex-shrink-0\">\n                                <img decoding=\"async\" width=\"60\" height=\"60\" src=\"https:\/\/www.chromacon.com\/wp-content\/uploads\/2025\/11\/contact-info-icon.svg\" class=\"size-[50px] md:size-[60px] object-contain\" alt=\"\" \/>                            <\/div>\n                                                <div class=\"flex-1\">\n                                                            <span class=\"block heading-h5 md:opacity-30 !m-0 pb-2 md:pb-2.5\">\n                                    E-Mail                                <\/span>\n                            \n                                                            <p class=\"block text-18 md:text-20 !m-0 text-body-text md:text-secondary-800 break-all underline\">\n                                    sales@chromacon.com                                <\/p>\n                                                    <\/div>\n                                            <\/a>\n                                                                    <a href=\"tel:+41 (0)44 445 20 10\" class=\"bg-white p-6 py-fluid-m px-fluid-s-plus flex gap-6 md:gap-0 md:block !no-underline\" >\n                                                                        <div class=\"md:mb-fluid-s-plus typo-off flex-shrink-0\">\n                                <img decoding=\"async\" width=\"60\" height=\"60\" src=\"https:\/\/www.chromacon.com\/wp-content\/uploads\/2025\/11\/contact-info-icon.svg\" class=\"size-[50px] md:size-[60px] object-contain\" alt=\"\" \/>                            <\/div>\n                                                <div class=\"flex-1\">\n                                                            <span class=\"block heading-h5 md:opacity-30 !m-0 pb-2 md:pb-2.5\">\n                                    Telefon                                <\/span>\n                            \n                                                            <p class=\"block text-18 md:text-20 !m-0 text-body-text md:text-secondary-800 break-all underline\">\n                                    +41 (0)44 445 20 10                                <\/p>\n                                                    <\/div>\n                                            <\/a>\n                                                                        <div class=\"bg-white p-6 py-fluid-m px-fluid-s-plus flex gap-6 md:gap-0 md:block\">\n                                                                            <div class=\"md:mb-fluid-s-plus typo-off flex-shrink-0\">\n                                <img decoding=\"async\" width=\"60\" height=\"60\" src=\"https:\/\/www.chromacon.com\/wp-content\/uploads\/2025\/11\/contact-info-icon.svg\" class=\"size-[50px] md:size-[60px] object-contain\" alt=\"\" \/>                            <\/div>\n                                                <div class=\"flex-1\">\n                                                            <span class=\"block heading-h5 md:opacity-30 !m-0 pb-2 md:pb-2.5\">\n                                    B\u00fcro                                <\/span>\n                            \n                                                            <p class=\"block text-18 md:text-20 !m-0 text-body-text md:text-secondary-800 break-all \">\n                                    ChromaCon AG<br \/>\r\nTechnoparkstrasse 1<br \/>\r\n8005 Z\u00fcrich, Schweiz                                <\/p>\n                                                    <\/div>\n                                <\/div>\n    <\/div>\n\n<\/div><\/section><section id=\"block_7617548e7606301c89653269f81af54a\" class=\"block-text-image py-fluid-6xl alignfull  \"><div class=\"l-wrap\">\n    \n    <section class=\"\">\n                <div class=\"grid grid-cols-1 md:grid-cols-2 gap-fluid-xl md:gap-fluid-4xl-plus items-center\">\n            <div class=\"order-2 md:order-1 md:max-w-[656px]\">\n                                    <h2 class=\"text-h1 md:text-h2 text-primary-800 mb-4 md:mb-6 !mt-0 typo-off\">\n                        YMC-S\u00e4ulen und -Harze                    <\/h2>\n                \n                                    <div class=\"prose prose-lg max-w-none mb-6 md:mb-8 [&#038;_h1]:text-primary-800 [&#038;_h2]:text-primary-800 [&#038;_h3]:text-primary-800 [&#038;_h4]:text-primary-800 [&#038;_h5]:text-primary-800 [&#038;_h6]:text-primary-800\">\n                        <p>Suchen Sie nach anderen Produkten von YMC? Besuchen Sie unsere Partner bei <strong>YMC Europe<\/strong> f\u00fcr weitere Informationen. <\/p>\n                    <\/div>\n                \n                                    <span class=\"c-btn-focus-wrapper\"><a href=\"https:\/\/ymc.eu\/home.html\" class=\"c-btn c-btn--regular c-btn--secondary c-btn--light\"><span>YMC Europe<\/span><\/a><\/span>                            <\/div>\n\n                        <div class=\"order-1 md:order-2 typo-off\">\n                                        <img decoding=\"async\" width=\"813\" height=\"742\" src=\"https:\/\/www.chromacon.com\/wp-content\/uploads\/2025\/12\/contact-presence.png\" class=\"w-full h-auto object-cover\" alt=\"\" srcset=\"https:\/\/www.chromacon.com\/wp-content\/uploads\/2025\/12\/contact-presence.png 813w, https:\/\/www.chromacon.com\/wp-content\/uploads\/2025\/12\/contact-presence-300x274.png 300w, https:\/\/www.chromacon.com\/wp-content\/uploads\/2025\/12\/contact-presence-768x701.png 768w\" sizes=\"(max-width: 813px) 100vw, 813px\" \/>                    \n                            <\/div>\n                    <\/div>\n    <\/section>\n\n<\/div><\/section><section id=\"block_67be463baae175805f87ca53c5bed0b0\" class=\"block-text-image py-fluid-6xl bg-gray-50 alignfull  \" style=\"--block-bg-image: url(https:\/\/www.chromacon.com\/wp-content\/themes\/chromacon\/assets\/img\/layout\/block-background-line.svg);\">\n    \n    <section class=\"wrapper-bl-r\">\n                <div class=\"grid grid-cols-1 md:grid-cols-2 gap-fluid-xl md:gap-fluid-4xl-plus items-center\">\n            <div class=\"order-2 md:order-2 md:max-w-[656px]\">\n                                    <h2 class=\"text-h1 md:text-h2 text-primary-800 mb-4 md:mb-6 !mt-0 typo-off\">\n                        Vertriebspartner &amp; globale Pr\u00e4senz                    <\/h2>\n                \n                                    <div class=\"prose prose-lg max-w-none mb-6 md:mb-8 [&#038;_h1]:text-primary-800 [&#038;_h2]:text-primary-800 [&#038;_h3]:text-primary-800 [&#038;_h4]:text-primary-800 [&#038;_h5]:text-primary-800 [&#038;_h6]:text-primary-800\">\n                        <p>YMC ChromaCon-L\u00f6sungen werden von Kunden auf der ganzen Welt gesch\u00e4tzt. Durch unser umfangreiches globales Vertriebsnetzwerk und die Unterst\u00fctzung der YMC-Gruppe gew\u00e4hrleisten wir lokale Expertise, reaktionsschnellen Service und nahtlosen Zugang zu unseren Chromatographiesystemen \u2013 wo immer Sie t\u00e4tig sind. <\/p>\n                    <\/div>\n                \n                                    <span class=\"c-btn-focus-wrapper\"><a href=\"https:\/\/www.chromacon.com\/de\/vertriebspartner\/\" class=\"c-btn c-btn--regular c-btn--secondary c-btn--light\"><span>Finden Sie einen Vertriebspartner in Ihrer N\u00e4he<\/span><\/a><\/span>                            <\/div>\n\n                        <div class=\"order-1 md:order-1 typo-off\">\n                                        <img decoding=\"async\" width=\"813\" height=\"742\" src=\"https:\/\/www.chromacon.com\/wp-content\/uploads\/2025\/12\/contact-presence.png\" class=\"w-full h-auto object-cover\" alt=\"\" srcset=\"https:\/\/www.chromacon.com\/wp-content\/uploads\/2025\/12\/contact-presence.png 813w, https:\/\/www.chromacon.com\/wp-content\/uploads\/2025\/12\/contact-presence-300x274.png 300w, https:\/\/www.chromacon.com\/wp-content\/uploads\/2025\/12\/contact-presence-768x701.png 768w\" sizes=\"(max-width: 813px) 100vw, 813px\" \/>                    \n                            <\/div>\n                    <\/div>\n    <\/section>\n\n<\/section><section id=\"block_32ca19339bacfd59f51500f895f539d9\" class=\"block-call-to-action py-fluid-6xl bg-secondary-700 alignfull  \" style=\"--block-bg-image: url(https:\/\/www.chromacon.com\/wp-content\/themes\/chromacon\/assets\/img\/layout\/block-background-poly.svg);\"><div class=\"l-wrap\">\n    <div class=\"flex flex-col gap-6 items-center text-center\">\n                    <p class=\"heading-display-m mx-auto !text-white !my-0 max-w-[1015px]\">\n                Nehmen Sie Kontakt mit uns auf, um<br \/>\r\ndie richtigen L\u00f6sungen<br \/>\r\nf\u00fcr Ihre Anforderungen zu finden            <\/p>\n        \n                    <div class=\"block-call-to-action__buttons mt-fluid-m flex flex-row flex-wrap justify-center items-center gap-[30px]\">\n                <span class=\"c-btn-focus-wrapper\"><a href=\"#contact-form\" class=\"c-btn c-btn--regular c-btn--primary c-btn--light\" style=\"--bg-color: var(--color-primary-800); --border-color: var(--color-primary-800); --bg-hover-color: var(--color-primary-700); --border-hover-color: var(--color-primary-700);\"><span>Termin f\u00fcr ein Gespr\u00e4ch vereinbaren<\/span><\/a><\/span>                <span class=\"c-btn-focus-wrapper\"><a href=\"#contact-form\" class=\"c-btn c-btn--regular c-btn--secondary c-btn--dark\"><span>Besuchen Sie unser Anwendungslabor<\/span><\/a><\/span>            <\/div>\n        \n            <\/div>\n\n    <\/div><\/section>","protected":false},"excerpt":{"rendered":"","protected":false},"author":1,"featured_media":0,"parent":0,"menu_order":0,"comment_status":"closed","ping_status":"closed","template":"","meta":{"_acf_changed":false,"_seopress_robots_primary_cat":"","_seopress_titles_title":"Kontaktieren Sie unser Chromatographie-Team \u2014 Z\u00fcrich | YMC ChromaCon","_seopress_titles_desc":"Kontaktieren Sie YMC ChromaCon f\u00fcr Angebote, Demos, Machbarkeitsstudien und technischen Support. Hauptsitz in Z\u00fcrich, Schweiz. Vertriebspartner weltweit.  ","_seopress_robots_index":"","_seopress_analysis_target_kw":"","footnotes":""},"class_list":["post-7728","page","type-page","status-publish",""],"acf":[],"_links":{"self":[{"href":"https:\/\/www.chromacon.com\/de\/wp-json\/wp\/v2\/pages\/7728","targetHints":{"allow":["GET"]}}],"collection":[{"href":"https:\/\/www.chromacon.com\/de\/wp-json\/wp\/v2\/pages"}],"about":[{"href":"https:\/\/www.chromacon.com\/de\/wp-json\/wp\/v2\/types\/page"}],"author":[{"embeddable":true,"href":"https:\/\/www.chromacon.com\/de\/wp-json\/wp\/v2\/users\/1"}],"replies":[{"embeddable":true,"href":"https:\/\/www.chromacon.com\/de\/wp-json\/wp\/v2\/comments?post=7728"}],"version-history":[{"count":1,"href":"https:\/\/www.chromacon.com\/de\/wp-json\/wp\/v2\/pages\/7728\/revisions"}],"predecessor-version":[{"id":7731,"href":"https:\/\/www.chromacon.com\/de\/wp-json\/wp\/v2\/pages\/7728\/revisions\/7731"}],"wp:attachment":[{"href":"https:\/\/www.chromacon.com\/de\/wp-json\/wp\/v2\/media?parent=7728"}],"curies":[{"name":"wp","href":"https:\/\/api.w.org\/{rel}","templated":true}]}}