{"id":7723,"date":"2025-12-11T21:00:14","date_gmt":"2025-12-11T20:00:14","guid":{"rendered":"https:\/\/www.chromacon.com\/karriere\/"},"modified":"2026-04-30T14:30:02","modified_gmt":"2026-04-30T12:30:02","slug":"karriere","status":"publish","type":"page","link":"https:\/\/www.chromacon.com\/de\/karriere\/","title":{"rendered":"Karriere"},"content":{"rendered":"<section id=\"block_4dcb118e443ff75ccf01b6b8bb6ef03a\" class=\"block-hero alignfull  \">\n    <div class=\"block-hero__background\">\n        <div class=\"block-hero__wrapper wrapper-bl-l\">\n            <div class=\"block-hero__content\">\n                <div class=\"block-hero__text\">\n                    <div class=\"block-hero__heading\">\n                                                    <p class=\"block-hero__eyebrow uppercase border border-primary-800\/30 text-primary-800 rounded-full px-4 py-2 text-16\">\n                                KARRIERE                            <\/p>\n                        \n                                                    <h1 class=\"text-display-m leading-display-m text-primary-800 [&#038;_strong]:text-secondary-700 [&#038;_strong]:font-medium typo-off\">\n                                Gestalten Sie die Zukunft des <strong>kontinuierlichen Bioprozessings<\/strong>\n                            <\/h1>\n                        \n                                                    <div class=\"block-hero__description\">\n                                <p>Engineering-, Anwendungswissenschafts- und Software-Positionen in Z\u00fcrich. Werden Sie Teil des Teams, das die Zweis\u00e4ulen-Chromatographie f\u00fcr die Herstellung von Peptiden, Oligonukleotiden, mAbs und Gentherapien erfindet, entwickelt und skaliert. <\/p>\n                            <\/div>\n                                            <\/div>\n\n                                            <div class=\"block-hero__buttons flex flex-row flex-wrap items-start gap-[30px]\">\n                                                            <div class=\"block-hero__button\">\n                                    <span class=\"c-btn-focus-wrapper\"><a href=\"#Open-Positions\" class=\"c-btn c-btn--regular c-btn--primary c-btn--light\"><span>Offene Stellen ansehen<\/span><\/a><\/span>                                <\/div>\n                                                                                        <div class=\"block-hero__button block-hero__button--secondary\">\n                                    <span class=\"c-btn-focus-wrapper\"><a href=\"#contact-form\" class=\"c-btn c-btn--regular c-btn--secondary c-btn--light\"><span>Initiativbewerbung einreichen<\/span><\/a><\/span>                                <\/div>\n                                                    <\/div>\n                                    <\/div>\n            <\/div>\n\n            <div class=\"block-hero__image-section block-hero__image-section--no-overlay\">\n                <div class=\"block-hero__image-container typo-off\">\n                                            <div class=\"block-hero__image\">\n                            <img fetchpriority=\"high\" decoding=\"async\" width=\"1024\" height=\"1024\" src=\"https:\/\/www.chromacon.com\/wp-content\/uploads\/2025\/12\/Gemini_Generated_Image_9ms2kg9ms2kg9ms2.jpg\" class=\"block-hero__image-img\" alt=\"\" loading=\"eager\" srcset=\"https:\/\/www.chromacon.com\/wp-content\/uploads\/2025\/12\/Gemini_Generated_Image_9ms2kg9ms2kg9ms2.jpg 1024w, https:\/\/www.chromacon.com\/wp-content\/uploads\/2025\/12\/Gemini_Generated_Image_9ms2kg9ms2kg9ms2-300x300.jpg 300w, https:\/\/www.chromacon.com\/wp-content\/uploads\/2025\/12\/Gemini_Generated_Image_9ms2kg9ms2kg9ms2-150x150.jpg 150w, https:\/\/www.chromacon.com\/wp-content\/uploads\/2025\/12\/Gemini_Generated_Image_9ms2kg9ms2kg9ms2-768x768.jpg 768w\" sizes=\"(max-width: 1024px) 100vw, 1024px\" \/>                        <\/div>\n\n                        \n                                                    <div class=\"block-hero__mobile-buttons flex flex-col items-stretch md:items-start gap-[30px]\">\n                                                                    <div class=\"block-hero__mobile-button\">\n                                        <span class=\"c-btn-focus-wrapper\"><a href=\"#Open-Positions\" class=\"c-btn c-btn--regular c-btn--primary c-btn--light w-full md:w-auto\"><span>Offene Stellen ansehen<\/span><\/a><\/span>                                    <\/div>\n                                                                                                    <div class=\"block-hero__mobile-button block-hero__mobile-button--secondary\">\n                                        <span class=\"c-btn-focus-wrapper\"><a href=\"#contact-form\" class=\"c-btn c-btn--regular c-btn--secondary c-btn--light w-full md:w-auto\"><span>Initiativbewerbung einreichen<\/span><\/a><\/span>                                    <\/div>\n                                                            <\/div>\n                                                            <\/div>\n            <\/div>\n        <\/div>\n    <\/div>\n    <\/section><section id=\"block_cc4a1290053a5891380984ba08d31df9\" class=\"block-trust py-fluid-4xl md:pt-fluid-5xl md:pb-fluid-4xl bg-gray-50 typo-off alignfull  \">\n    <!-- Smart wrapper section -->\n    <section class=\"wrapper-bl-l\">\n        <div class=\"flex flex-col md:flex-row items-stretch\">\n            <div class=\"md:w-1\/2 flex flex-col\">\n                <div class=\"mb-fluid-l md:mb-fluid-2xl max-w-[700px] md:mr-16\">\n                                                                    <h2 class=\"text-display-m leading-display-m leading-h1 md:text-h1 text-primary-800 mt-0 text-center md:text-left [&#038;_strong]:font-normal [&#038;_strong]:text-secondary-700\">Warum Sie bei uns arbeiten sollten<\/h2>\n                                                                <div class=\"!mb-0 mt-fluid-m max-w-[700px] text-center md:text-left\"><p>Bei YMC ChromaCon sind wir eine Gruppe von Innovatoren, die die Zukunft der Chromatographie und des Bioprozessings gestalten. <\/p>\n<\/div>\n                                    <\/div>\n                                    <div class=\"bg-white py-fluid-xs md:py-fluid-l pl-0 md:px-fluid-xl divide-y divide-primary-950\/10 mr-responsive-negative\">\n                                                                                <div class=\"flex gap-4 p-fluid-xs md:pt-fluid-s-plus md:pb-fluid-s first:pt-0 last:pb-0 gap-fluid-2xs md:gap-fluid-m md:px-0 md:pr-2.5\">\n                                                                <div class=\"flex-1\">\n                                                                            <h3 class=\"heading-h4 !mt-0 !mb-2.5\">Innovatives Umfeld<\/h3>\n                                                                                                                <p class=\"text-gray-600 text-16 md:text-18\">\n                                            Arbeiten Sie mit branchenf\u00fchrenden kontinuierlichen Chromatographie-Technologien.                                        <\/p>\n                                                                    <\/div>\n                            <\/div>\n                                                                                <div class=\"flex gap-4 p-fluid-xs md:pt-fluid-s-plus md:pb-fluid-s first:pt-0 last:pb-0 gap-fluid-2xs md:gap-fluid-m md:px-0 md:pr-2.5\">\n                                                                <div class=\"flex-1\">\n                                                                            <h3 class=\"heading-h4 !mt-0 !mb-2.5\">Karriereentwicklung<\/h3>\n                                                                                                                <p class=\"text-gray-600 text-16 md:text-18\">\n                                            Zugang zu M\u00f6glichkeiten f\u00fcr berufliche Weiterentwicklung und Kompetenzerwerb.                                        <\/p>\n                                                                    <\/div>\n                            <\/div>\n                                                                                <div class=\"flex gap-4 p-fluid-xs md:pt-fluid-s-plus md:pb-fluid-s first:pt-0 last:pb-0 gap-fluid-2xs md:gap-fluid-m md:px-0 md:pr-2.5\">\n                                                                <div class=\"flex-1\">\n                                                                            <h3 class=\"heading-h4 !mt-0 !mb-2.5\">Kollaborative Kultur<\/h3>\n                                                                                                                <p class=\"text-gray-600 text-16 md:text-18\">\n                                            Werden Sie Teil eines unterst\u00fctzenden Teams, das vielf\u00e4ltige Perspektiven und Teamarbeit sch\u00e4tzt.                                        <\/p>\n                                                                    <\/div>\n                            <\/div>\n                                                                                <div class=\"flex gap-4 p-fluid-xs md:pt-fluid-s-plus md:pb-fluid-s first:pt-0 last:pb-0 gap-fluid-2xs md:gap-fluid-m md:px-0 md:pr-2.5\">\n                                                                <div class=\"flex-1\">\n                                                                            <h3 class=\"heading-h4 !mt-0 !mb-2.5\">Globaler Einfluss<\/h3>\n                                                                                                                <p class=\"text-gray-600 text-16 md:text-18\">\n                                            Wird von f\u00fchrenden biopharmazeutischen Unternehmen zur Beschleunigung der Arzneimittelentwicklung und -herstellung eingesetzt.                                        <\/p>\n                                                                    <\/div>\n                            <\/div>\n                                                                                <div class=\"flex gap-4 p-fluid-xs md:pt-fluid-s-plus md:pb-fluid-s first:pt-0 last:pb-0 gap-fluid-2xs md:gap-fluid-m md:px-0 md:pr-2.5\">\n                                                                <div class=\"flex-1\">\n                                                                            <h3 class=\"heading-h4 !mt-0 !mb-2.5\">Engagement f\u00fcr Nachhaltigkeit<\/h3>\n                                                                                                                <p class=\"text-gray-600 text-16 md:text-18\">\n                                            Werden Sie Teil eines Unternehmens, das durch intelligentere Prozesse die Auswirkungen reduziert.                                        <\/p>\n                                                                    <\/div>\n                            <\/div>\n                                                                                <div class=\"flex gap-4 p-fluid-xs md:pt-fluid-s-plus md:pb-fluid-s first:pt-0 last:pb-0 gap-fluid-2xs md:gap-fluid-m md:px-0 md:pr-2.5\">\n                                                                <div class=\"flex-1\">\n                                                                            <h3 class=\"heading-h4 !mt-0 !mb-2.5\">Mitarbeiterwohl<\/h3>\n                                                                                                                <p class=\"text-gray-600 text-16 md:text-18\">\n                                            Genie\u00dfen Sie eine gesunde Work-Life-Balance und eine positive Arbeitsplatzkultur.                                        <\/p>\n                                                                    <\/div>\n                            <\/div>\n                                            <\/div>\n                            <\/div>\n            <div class=\"w-full md:w-1\/2 overflow-hidden md:pt-fluid-s flex flex-col gap-y-fluid-xl items-center justify-center md:h-full md:max-h-[70%]\">\n                                                            <img decoding=\"async\" src=\"https:\/\/www.chromacon.com\/wp-content\/uploads\/2025\/12\/Rectangle-4485-3.jpg\"\n                            alt=\"\"\n                            width=\"814\"\n                            height=\"917\"\n                            class=\"w-full h-full object-cover aspect-video md:aspect-auto !m-0\">\n                                                <\/div>\n        <\/div>\n    <\/section>\n<\/section><section id=\"block_f03b46ab91d4d65522f38634732c9508\" class=\"block-text-image py-fluid-6xl alignfull  \"><div class=\"l-wrap\">\n    \n    <section class=\"\">\n                <div class=\"grid grid-cols-1 md:grid-cols-2 gap-fluid-xl md:gap-fluid-4xl-plus items-center\">\n            <div class=\"order-2 md:order-2 md:max-w-[656px]\">\n                                    <h2 class=\"text-h1 md:text-h2 text-primary-800 mb-4 md:mb-6 !mt-0 typo-off\">\n                        Das Leben bei YMC ChromaCon                    <\/h2>\n                \n                                    <div class=\"prose prose-lg max-w-none mb-6 md:mb-8 [&#038;_h1]:text-primary-800 [&#038;_h2]:text-primary-800 [&#038;_h3]:text-primary-800 [&#038;_h4]:text-primary-800 [&#038;_h5]:text-primary-800 [&#038;_h6]:text-primary-800\">\n                        <p>Bei <strong>YMC ChromaCon<\/strong> f\u00f6rdern wir ein dynamisches und inklusives Arbeitsumfeld, in dem Innovation auf Zusammenarbeit trifft. Unser Team genie\u00dft eine Kultur, die Kreativit\u00e4t, kontinuierliches Lernen und gegenseitige Unterst\u00fctzung f\u00f6rdert. Von Teamevents bis hin zu beruflichen Entwicklungsm\u00f6glichkeiten bedeutet das Leben hier, Teil einer Gemeinschaft zu sein, die sich der F\u00f6rderung der Wissenschaft und der Schaffung eines echten Einflusses verschrieben hat.  <\/p>\n                    <\/div>\n                \n                                    <span class=\"c-btn-focus-wrapper\"><a href=\"https:\/\/www.chromacon.com\/de\/ueber-chromacon\/\" class=\"c-btn c-btn--regular c-btn--secondary c-btn--light\"><span>\u00dcber YMC ChromaCon<\/span><\/a><\/span>                            <\/div>\n\n                        <div class=\"order-1 md:order-1 typo-off\">\n                                        <img decoding=\"async\" width=\"1024\" height=\"801\" src=\"https:\/\/www.chromacon.com\/wp-content\/uploads\/2026\/01\/Gemini_Generated_Image_y9vla2y9vla2y9vl-e1768335910823-1024x801.jpg\" class=\"w-full h-auto object-cover\" alt=\"\" srcset=\"https:\/\/www.chromacon.com\/wp-content\/uploads\/2026\/01\/Gemini_Generated_Image_y9vla2y9vla2y9vl-e1768335910823-1024x801.jpg 1024w, https:\/\/www.chromacon.com\/wp-content\/uploads\/2026\/01\/Gemini_Generated_Image_y9vla2y9vla2y9vl-e1768335910823-300x235.jpg 300w, https:\/\/www.chromacon.com\/wp-content\/uploads\/2026\/01\/Gemini_Generated_Image_y9vla2y9vla2y9vl-e1768335910823-768x601.jpg 768w, https:\/\/www.chromacon.com\/wp-content\/uploads\/2026\/01\/Gemini_Generated_Image_y9vla2y9vla2y9vl-e1768335910823-1536x1201.jpg 1536w, https:\/\/www.chromacon.com\/wp-content\/uploads\/2026\/01\/Gemini_Generated_Image_y9vla2y9vla2y9vl-e1768335910823.jpg 1794w\" sizes=\"(max-width: 1024px) 100vw, 1024px\" \/>                    \n                            <\/div>\n                    <\/div>\n    <\/section>\n\n<\/div><\/section><section id=\"Open-Positions\" class=\"block-faq py-fluid-4xl alignfull  \"><div class=\"l-wrap\">\n            <div class=\"block-faq__header mb-fluid-m md:mb-fluid-3xl typo-off\">\n                            <h2 class=\"text-display-m leading-display-m leading-h1 md:text-h1 text-primary-800 text-center mb-fluid-xs\">Offene Stellen<\/h2>\n                                        <div class=\"text-center mt-fluid-xs\"><p>Derzeit gibt es keine offenen Stellen.<\/p>\n<\/div>\n                    <\/div>\n    \n    \n<\/div><\/section><section id=\"block_d504745d71f3da2ede0debb089aa7f76\" class=\"block-call-to-action py-fluid-6xl bg-secondary-700 alignfull  \" style=\"--block-bg-image: url(https:\/\/www.chromacon.com\/wp-content\/themes\/chromacon\/assets\/img\/layout\/block-background-poly.svg);\"><div class=\"l-wrap\">\n    <div class=\"flex flex-col gap-6 items-center text-center\">\n                    <p class=\"heading-display-m mx-auto !text-white !my-0 max-w-[1015px]\">\n                Fragen Sie nach Karrierem\u00f6glichkeiten bei YMC ChromaCon            <\/p>\n        \n                    <div class=\"block-call-to-action__buttons mt-fluid-m flex flex-row flex-wrap justify-center items-center gap-[30px]\">\n                <span class=\"c-btn-focus-wrapper\"><a href=\"#contact-form\" class=\"c-btn c-btn--regular c-btn--primary c-btn--light\" style=\"--bg-color: var(--color-primary-800); --border-color: var(--color-primary-800); --bg-hover-color: var(--color-primary-700); --border-hover-color: var(--color-primary-700);\"><span>Initiativbewerbung einreichen<\/span><\/a><\/span>                <span class=\"c-btn-focus-wrapper\"><a href=\"https:\/\/www.chromacon.com\/de\/ueber-chromacon\/\" class=\"c-btn c-btn--regular c-btn--secondary c-btn--dark\"><span>\u00dcber YMC ChromaCon<\/span><\/a><\/span>            <\/div>\n        \n            <\/div>\n\n    <\/div><\/section>","protected":false},"excerpt":{"rendered":"","protected":false},"author":1,"featured_media":0,"parent":0,"menu_order":0,"comment_status":"closed","ping_status":"closed","template":"","meta":{"_acf_changed":false,"_seopress_robots_primary_cat":"","_seopress_titles_title":"Chromatographie-Karriere \u2014 Z\u00fcrich, Schweiz | YMC ChromaCon","_seopress_titles_desc":"Werden Sie Teil von YMC ChromaCon in Z\u00fcrich \u2014 in den Bereichen Chromatographie-Engineering, Anwendungswissenschaft, Softwareentwicklung und kaufm\u00e4nnische Funktionen im kontinuierlichen Bioprozess.","_seopress_robots_index":"","_seopress_analysis_target_kw":"","footnotes":""},"class_list":["post-7723","page","type-page","status-publish",""],"acf":[],"_links":{"self":[{"href":"https:\/\/www.chromacon.com\/de\/wp-json\/wp\/v2\/pages\/7723","targetHints":{"allow":["GET"]}}],"collection":[{"href":"https:\/\/www.chromacon.com\/de\/wp-json\/wp\/v2\/pages"}],"about":[{"href":"https:\/\/www.chromacon.com\/de\/wp-json\/wp\/v2\/types\/page"}],"author":[{"embeddable":true,"href":"https:\/\/www.chromacon.com\/de\/wp-json\/wp\/v2\/users\/1"}],"replies":[{"embeddable":true,"href":"https:\/\/www.chromacon.com\/de\/wp-json\/wp\/v2\/comments?post=7723"}],"version-history":[{"count":1,"href":"https:\/\/www.chromacon.com\/de\/wp-json\/wp\/v2\/pages\/7723\/revisions"}],"predecessor-version":[{"id":7727,"href":"https:\/\/www.chromacon.com\/de\/wp-json\/wp\/v2\/pages\/7723\/revisions\/7727"}],"wp:attachment":[{"href":"https:\/\/www.chromacon.com\/de\/wp-json\/wp\/v2\/media?parent=7723"}],"curies":[{"name":"wp","href":"https:\/\/api.w.org\/{rel}","templated":true}]}}