{"id":5424,"date":"2025-12-16T09:58:13","date_gmt":"2025-12-16T08:58:13","guid":{"rendered":"https:\/\/www.chromacon.com\/impressum\/"},"modified":"2026-03-27T16:53:59","modified_gmt":"2026-03-27T15:53:59","slug":"impressum","status":"publish","type":"page","link":"https:\/\/www.chromacon.com\/de\/impressum\/","title":{"rendered":"Impressum"},"content":{"rendered":"\n<h1 class=\"wp-block-heading\">Impressum<\/h1>\n\n<p>Zuletzt aktualisiert am 16. Dezember 2025<br\/><br\/><strong><em>Director R&amp;D: Dr. Thomas M\u00fcller-Sp\u00e4th<\/em><\/strong><br\/>ChromaCon AG<br\/>Technoparkstrasse 1<br\/>8005 Z\u00fcrich<br\/>Switzerland<br\/><br\/>Tel: +41 (0)44 445 2013<br\/><a href=\"http:\/\/www.chromacon.com\/\">info@chromacon.com<br\/>www.chromacon.com<\/a> <\/p>\n\n<p>Das Unternehmen ist eingetragen bei der Handelsregisteramt of the Canton of Z\u00fcrich, Switzerland: CHE-113.328.657<br\/>VAT-No.: CHE-113.328.657 MWST<br\/><br\/>Vertretung in der EU im Rahmen der DSGVO:<br\/>VGS Datenschutzpartner UG<br\/>Am Kaiserkai 69<br\/>20457 Hamburg<br\/>Germany<br\/><a href=\"https:\/\/datenschutzpartner.eu\/\">info@datenschutzpartner.eu<br\/>https:\/\/datenschutzpartner.eu\/<\/a><br\/><br\/>Haftungsausschluss:<br\/>Please refer to legal notices <a href=\"https:\/\/chromacon.com\/legal-notices\">here<\/a>.<\/p>\n\n      <div id=\"block_1f44b133352eb023594761860bcc4b69\" class=\"block-spacer typo-off  alignfull  \" >\n  \n  \n<style>#block_1f44b133352eb023594761860bcc4b69 { height: 40px;  } @media (min-width: 768px) { #block_1f44b133352eb023594761860bcc4b69 { height: 60px;  } }@media (min-width: 992px) { #block_1f44b133352eb023594761860bcc4b69 { height: 80px;  } }@media (min-width: 1200px) { #block_1f44b133352eb023594761860bcc4b69 { height: 90px;  } }@media (min-width: 1500px) { #block_1f44b133352eb023594761860bcc4b69 { height: 100px;  } }<\/style><\/div>","protected":false},"excerpt":{"rendered":"<p>Impressum Zuletzt aktualisiert am 16. Dezember 2025 Director R&amp;D: Dr. Thomas M\u00fcller-Sp\u00e4thChromaCon AGTechnoparkstrasse 18005 Z\u00fcrichSwitzerland Tel: +41 (0)44 445 2013info@chromacon.comwww.chromacon.com Das Unternehmen ist eingetragen bei der Handelsregisteramt of the Canton of Z\u00fcrich, Switzerland: CHE-113.328.657VAT-No.: CHE-113.328.657 MWST Vertretung in der EU im Rahmen der DSGVO:VGS Datenschutzpartner UGAm Kaiserkai 6920457 HamburgGermanyinfo@datenschutzpartner.euhttps:\/\/datenschutzpartner.eu\/ Haftungsausschluss:Please refer to legal notices here.<\/p>\n","protected":false},"author":1,"featured_media":0,"parent":0,"menu_order":0,"comment_status":"closed","ping_status":"open","template":"","meta":{"_acf_changed":false,"_seopress_robots_primary_cat":"","_seopress_titles_title":"","_seopress_titles_desc":"","_seopress_robots_index":"","_seopress_analysis_target_kw":"","footnotes":""},"class_list":["post-5424","page","type-page","status-publish",""],"acf":[],"_links":{"self":[{"href":"https:\/\/www.chromacon.com\/de\/wp-json\/wp\/v2\/pages\/5424","targetHints":{"allow":["GET"]}}],"collection":[{"href":"https:\/\/www.chromacon.com\/de\/wp-json\/wp\/v2\/pages"}],"about":[{"href":"https:\/\/www.chromacon.com\/de\/wp-json\/wp\/v2\/types\/page"}],"author":[{"embeddable":true,"href":"https:\/\/www.chromacon.com\/de\/wp-json\/wp\/v2\/users\/1"}],"replies":[{"embeddable":true,"href":"https:\/\/www.chromacon.com\/de\/wp-json\/wp\/v2\/comments?post=5424"}],"version-history":[{"count":3,"href":"https:\/\/www.chromacon.com\/de\/wp-json\/wp\/v2\/pages\/5424\/revisions"}],"predecessor-version":[{"id":5427,"href":"https:\/\/www.chromacon.com\/de\/wp-json\/wp\/v2\/pages\/5424\/revisions\/5427"}],"wp:attachment":[{"href":"https:\/\/www.chromacon.com\/de\/wp-json\/wp\/v2\/media?parent=5424"}],"curies":[{"name":"wp","href":"https:\/\/api.w.org\/{rel}","templated":true}]}}