{"id":1814,"date":"2025-10-14T20:15:24","date_gmt":"2025-10-14T20:15:24","guid":{"rendered":"https:\/\/www.chromacon.com\/englische-version-der-musterseite\/"},"modified":"2025-12-02T15:29:47","modified_gmt":"2025-12-02T15:29:47","slug":"englische-version-der-musterseite","status":"publish","type":"page","link":"https:\/\/www.chromacon.com\/de\/englische-version-der-musterseite\/","title":{"rendered":"Deutsche Version der Beispielseite"},"content":{"rendered":"\n<p>Dies ist eine Beispielseite. Sie unterscheidet sich von einem Blogbeitrag, da sie an einem festen Ort bleibt und in Ihrer Website-Navigation (in den meisten Themes) angezeigt wird. Die meisten Leute beginnen mit einer \u201e\u00dcber uns\u201c-Seite, die potenzielle Website-Besucher anspricht. Dort k\u00f6nnte zum Beispiel stehen:   <\/p>\n\n<blockquote class=\"wp-block-quote is-layout-flow wp-block-quote-is-layout-flow\">\n<p>Hallo! Tags\u00fcber bin ich Fahrradkurier, nachts angehender Schauspieler, und dies ist meine Website. Ich lebe in Los Angeles, habe einen tollen Hund namens Jack und mag Pi\u00f1a Coladas. (Und lasse mich gerne im Regen \u00fcberraschen.)   <\/p>\n<\/blockquote>\n\n<p>&#8230;oder so \u00e4hnlich:<\/p>\n\n<blockquote class=\"wp-block-quote is-layout-flow wp-block-quote-is-layout-flow\">\n<p>Die XYZ-Ger\u00e4teherstellerfirma wurde 1971 gegr\u00fcndet und liefert seitdem hochwertige Ger\u00e4te an die \u00d6ffentlichkeit. Mit Sitz in Gotham City besch\u00e4ftigt XYZ \u00fcber 2.000 Mitarbeiter und leistet allerlei Gro\u00dfartiges f\u00fcr die Gemeinschaft von Gotham. <\/p>\n<\/blockquote>\n\n<p>Als neuer WordPress-Benutzer sollten Sie zu <a href=\"https:\/\/www.chromacon.com\/wp-admin\/\">Ihrem Dashboard<\/a> gehen, um diese Seite zu l\u00f6schen und neue Seiten f\u00fcr Ihre Inhalte zu erstellen. Viel Spa\u00df! <\/p>\n","protected":false},"excerpt":{"rendered":"<p>Dies ist eine Beispielseite. Sie unterscheidet sich von einem Blogbeitrag, da sie an einem festen Ort bleibt und in Ihrer Website-Navigation (in den meisten Themes) angezeigt wird. Die meisten Leute beginnen mit einer \u201e\u00dcber uns\u201c-Seite, die potenzielle Website-Besucher anspricht. Dort k\u00f6nnte zum Beispiel stehen: Hallo! Tags\u00fcber bin ich Fahrradkurier, nachts angehender Schauspieler, und dies ist [&hellip;]<\/p>\n","protected":false},"author":1,"featured_media":0,"parent":0,"menu_order":0,"comment_status":"closed","ping_status":"open","template":"","meta":{"_acf_changed":false,"_seopress_robots_primary_cat":"","_seopress_titles_title":"","_seopress_titles_desc":"","_seopress_robots_index":"","_seopress_analysis_target_kw":"","footnotes":""},"class_list":["post-1814","page","type-page","status-publish",""],"acf":[],"_links":{"self":[{"href":"https:\/\/www.chromacon.com\/de\/wp-json\/wp\/v2\/pages\/1814","targetHints":{"allow":["GET"]}}],"collection":[{"href":"https:\/\/www.chromacon.com\/de\/wp-json\/wp\/v2\/pages"}],"about":[{"href":"https:\/\/www.chromacon.com\/de\/wp-json\/wp\/v2\/types\/page"}],"author":[{"embeddable":true,"href":"https:\/\/www.chromacon.com\/de\/wp-json\/wp\/v2\/users\/1"}],"replies":[{"embeddable":true,"href":"https:\/\/www.chromacon.com\/de\/wp-json\/wp\/v2\/comments?post=1814"}],"version-history":[{"count":8,"href":"https:\/\/www.chromacon.com\/de\/wp-json\/wp\/v2\/pages\/1814\/revisions"}],"predecessor-version":[{"id":1822,"href":"https:\/\/www.chromacon.com\/de\/wp-json\/wp\/v2\/pages\/1814\/revisions\/1822"}],"wp:attachment":[{"href":"https:\/\/www.chromacon.com\/de\/wp-json\/wp\/v2\/media?parent=1814"}],"curies":[{"name":"wp","href":"https:\/\/api.w.org\/{rel}","templated":true}]}}